{"id":6130,"date":"2022-11-21T09:14:30","date_gmt":"2022-11-21T09:14:30","guid":{"rendered":"https:\/\/masparenthese.fr\/availability-calendar-mas-parenthese\/"},"modified":"2023-01-14T10:33:09","modified_gmt":"2023-01-14T10:33:09","slug":"availability-calendar-mas-parenthese","status":"publish","type":"page","link":"https:\/\/masparenthese.fr\/en\/availability-calendar-mas-parenthese\/","title":{"rendered":"Availability calendar Mas Parenth\u00e8se"},"content":{"rendered":"<style>#kt-layout-id_75b293-a5 > .kt-row-column-wrap{align-content:start;}:where(#kt-layout-id_75b293-a5 > .kt-row-column-wrap) > .wp-block-kadence-column{justify-content:start;}#kt-layout-id_75b293-a5 > .kt-row-column-wrap{column-gap:var(--global-kb-gap-md, 2rem);row-gap:var(--global-kb-gap-md, 2rem);max-width:var( --global-content-width, 1290px );padding-left:var(--global-content-edge-padding);padding-right:var(--global-content-edge-padding);padding-top:var( --global-kb-row-default-top, 25px );padding-bottom:var( --global-kb-row-default-bottom, 25px );padding-top:140px;grid-template-columns:minmax(0, 1fr);}#kt-layout-id_75b293-a5 > .kt-row-layout-overlay{opacity:0.30;}@media all and (max-width: 1024px){#kt-layout-id_75b293-a5 > .kt-row-column-wrap{grid-template-columns:minmax(0, 1fr);}}@media all and (max-width: 767px){#kt-layout-id_75b293-a5 > .kt-row-column-wrap{grid-template-columns:minmax(0, 1fr);}}<\/style>\n<div class=\"wp-block-kadence-rowlayout alignfull\"><div id=\"kt-layout-id_75b293-a5\" class=\"kt-row-layout-inner kt-layout-id_75b293-a5\"><div class=\"kt-row-column-wrap kt-has-1-columns kt-gutter-default kt-v-gutter-default kt-row-valign-top kt-row-layout-equal kt-tab-layout-inherit kt-m-colapse-left-to-right kt-mobile-layout-row kb-theme-content-width\"><style>.kadence-column_290dc1-2b > .kt-inside-inner-col{border-top-width:0px;border-right-width:0px;border-bottom-width:0px;border-left-width:0px;}.kadence-column_290dc1-2b > .kt-inside-inner-col,.kadence-column_290dc1-2b > .kt-inside-inner-col:before{border-top-left-radius:0px;border-top-right-radius:0px;border-bottom-right-radius:0px;border-bottom-left-radius:0px;}.kadence-column_290dc1-2b > .kt-inside-inner-col{column-gap:var(--global-kb-gap-sm, 1rem);}.kadence-column_290dc1-2b > .kt-inside-inner-col{flex-direction:column;}.kadence-column_290dc1-2b > .kt-inside-inner-col > .aligncenter{width:100%;}.kadence-column_290dc1-2b > .kt-inside-inner-col:before{opacity:0.3;}.kadence-column_290dc1-2b{position:relative;}@media all and (max-width: 1024px){.kadence-column_290dc1-2b > .kt-inside-inner-col{flex-direction:column;justify-content:center;}}@media all and (max-width: 767px){.kadence-column_290dc1-2b > .kt-inside-inner-col{flex-direction:column;justify-content:center;}}<\/style>\n<div class=\"wp-block-kadence-column inner-column-1 kadence-column_290dc1-2b\"><div class=\"kt-inside-inner-col\">\n<div class=\"wrap plugin-container\">\n\n\t\n\t\n\t<h3>Availability Calendar<\/h3>\n\n<div class=\"vbo-availability-controls\">\n\t<form action=\"https:\/\/masparenthese.fr\/en\/availability-calendar-mas-parenthese\/?option=com_vikbooking&amp;view=availability&amp;room_ids%5B0%5D=2\" method=\"post\" name=\"vbmonths\">\n\t\t<select name=\"month\" onchange=\"document.vbmonths.submit();\">\n<option value=\"1775001600\" selected=\"selected\">April 2026<\/option>\n<option value=\"1777593600\">May 2026<\/option>\n<option value=\"1780272000\">June 2026<\/option>\n<option value=\"1782864000\">July 2026<\/option>\n<option value=\"1785542400\">August 2026<\/option>\n<option value=\"1788220800\">September 2026<\/option>\n<option value=\"1790812800\">October 2026<\/option>\n<option value=\"1793491200\">November 2026<\/option>\n<option value=\"1796083200\">December 2026<\/option>\n<option value=\"1798761600\">January 2027<\/option>\n<option value=\"1801440000\">February 2027<\/option>\n<option value=\"1803859200\">March 2027<\/option>\n<option value=\"1806537600\">April 2027<\/option>\n<\/select>\n\t\t\t<input type=\"hidden\" name=\"room_ids[]\" value=\"2\" \/>\n\t\t\t\t<input type=\"hidden\" name=\"showtype\" value=\"2\" \/>\n\t<\/form>\n\t<div class=\"vblegendediv\">\n\t\t<span class=\"vblegenda\"><span class=\"vblegenda-status vblegfree\">&nbsp;<\/span> <span class=\"vblegenda-lbl\"> Available<\/span><\/span>\n\t\t\t<span class=\"vblegenda\"><span class=\"vblegenda-status vblegbusy\">&nbsp;<\/span> <span class=\"vblegenda-lbl\"> Not Available<\/span><\/span>\n\t<\/div>\n<\/div>\n\t\n<div class=\"vbo-availability-wrapper\">\n\t<div class=\"vbo-availability-room-container\">\n\t\t<div class=\"vbo-availability-room-details\">\n\t\t\t<div class=\"vbo-availability-room-details-first\">\n\t\t\t\t<div class=\"vbo-availability-room-details-left\">\n\t\t\t\t\t\t\t\t\t<img decoding=\"async\" src=\"https:\/\/masparenthese.fr\/wp-content\/plugins\/vikbooking\/site\/resources\/uploads\/masparenthse_la_villa_landscape_3x2.jpg\" alt=\"Mas Parenth\u00e8se Private villa\"\/>\n\t\t\t\t\t\t\t\t\t<\/div>\n\t\t\t\t<div class=\"vbo-availability-room-details-right\">\n\t\t\t\t\t<h4>Mas Parenth\u00e8se Private villa<\/h4>\n\t\t\t\t\t<div class=\"vbo-availability-room-details-descr\">\n\t\t\t\t\t\tMas of 250 m\u00b2 for 10 people on 3 500 m\u00b2 in the heart of the scrubland, with 4 bedrooms, 4 bathrooms, 1 swimming pool, 1 spa, 1 sauna, 1 petanque ground...3 parental suites: Lumi\u00e8re 26 m\u00b2, Terre 22 m\u00b2, Racines 21 m\u00b2 (14m\u00b2 + sdb 7m\u00b2) each with 1 of 180 cm, Italian bathroom, double washbasin and private WC. 1 bathtub in Lumiere (round) and Racines (rectangular) and an office corner in Lumiere. 1 \"Tribe\" room 18 m\u00b2 for 4 persons, 1 bed 180 cm separable in 2x90 cm +2 bunk beds 90cm.\t\t\t\t\t<\/div>\n\t\t\t\t\t\t\t\t\t<div class=\"room_carats\">\n\t\t\t\t\t\t<div class=\"vbo-room-carats\">\n<span class=\"vbo-room-carat\"><span class=\"vbo-expl\" data-vbo-expl=\"WiFi\"><i class=\"fas fa-wifi vbo-icn-carat vbo-pref-color-text\"><\/i><\/span><\/span>\n<span class=\"vbo-room-carat\"><span class=\"vbo-expl\" data-vbo-expl=\"TV\"><i class=\"fas fa-tv vbo-icn-carat vbo-pref-color-text\"><\/i><\/span><\/span>\n<span class=\"vbo-room-carat\"><span class=\"vbo-expl\" data-vbo-expl=\"Climatisation\"><i class=\"fas fa-snowflake vbo-icn-carat vbo-pref-color-text\"><\/i><\/span><\/span>\n<span class=\"vbo-room-carat\"><span class=\"vbo-expl\" data-vbo-expl=\"Salle de bain\"><i class=\"fas fa-bath vbo-icn-carat vbo-pref-color-text\"><\/i><\/span><\/span>\n<span class=\"vbo-room-carat\"><span class=\"vbo-expl\" data-vbo-expl=\"Access to people with disabilities\"><i class=\"fas fa-wheelchair vbo-icn-carat vbo-pref-color-text\"><\/i><\/span><\/span>\n<span class=\"vbo-room-carat\"><span class=\"vbo-expl\" data-vbo-expl=\"Shower\"><i class=\"fas fa-shower vbo-icn-carat vbo-pref-color-text\"><\/i><\/span><\/span>\n<span class=\"vbo-room-carat\"><span class=\"vbo-expl\" data-vbo-expl=\"Swimming pool 14 x 4 m\"><i class=\"fas fa-swimming-pool vbo-icn-carat vbo-pref-color-text\"><\/i><\/span><\/span>\n<span class=\"vbo-room-carat\"><span class=\"vbo-expl\" data-vbo-expl=\"Hot tub with whirlpool\"><i class=\"fas fa-spa vbo-pref-color-text\"><\/i><\/span><\/span>\n<span class=\"vbo-room-carat\"><span class=\"vbo-expl\" data-vbo-expl=\"4 v\u00e9los en libre service\"><i class=\"fa fa-bicycle vbo-pref-color-text\"><\/i><\/span><\/span>\n<span class=\"vbo-room-carat\"><span class=\"vbo-expl\" data-vbo-expl=\"Parking priv\u00e9 s\u00e9curis\u00e9\/ferm\u00e9 (5 places)\"><i class=\"fa fa-parking vbo-pref-color-text\"><\/i><\/span><\/span>\n<span class=\"vbo-room-carat\"><span class=\"vbo-expl\" data-vbo-expl=\"Tennis de table\"><i class=\"fas fa-table-tennis vbo-pref-color-text\"><\/i><\/span><\/span>\n<span class=\"vbo-room-carat\"><span class=\"vbo-expl\" data-vbo-expl=\"Lit b\u00e9b\u00e9, table \u00e0 langer\"><i class=\"fa fa-baby vbo-pref-color-text\"><\/i><\/span><\/span>\n<span class=\"vbo-room-carat\"><span class=\"vbo-expl\" data-vbo-expl=\"Video projecteur\"><i class=\"fa fa-video vbo-pref-color-text\"><\/i><\/span><\/span>\n<\/div>\n\t\t\t\t\t<\/div>\n\t\t\t\t\t\t\t\t\t<\/div>\n\t\t\t<\/div>\n\t\t\t<div class=\"vbo-availability-room-details-last vbselectr\">\n\t\t\t\t<div class=\"vbo-availability-room-details-last-inner\">\n\t\t\t\t\t<a class=\"btn vbo-pref-color-btn\" id=\"vbo-av-btn-2\" href=\"https:\/\/masparenthese.fr\/en\/availability-calendar-mas-parenthese\/?option=com_vikbooking&amp;view=roomdetails&amp;roomid=2&amp;checkin=-1\">Book Now<\/a>\n\t\t\t\t<\/div>\n\t\t\t\t<div class=\"vbo-availability-room-details-last-checkin\" id=\"vbo-av-checkin-2\"><i class=\"fas fa-sign-in-alt vbo-pref-color-element\"><\/i> <span><\/span><\/div>\n\t\t\t<\/div>\n\t\t<\/div>\n\t\t<div class=\"vbo-availability-room-monthcal table-responsive\">\n\t\t\t<table class=\"table\" id=\"vbo-av-table-2\" data-room-table=\"2\">\n\t\t\t\t<tr class=\"vbo-availability-room-monthdays\">\n\t\t\t\t\t<td class=\"vbo-availability-month-name vbo-pref-color-text\" rowspan=\"2\">April 2026<\/td>\n\t\t\t\t\t\t\t\t\t<td class=\"vbo-availability-month-day\">\n\t\t\t\t\t\t<span class=\"vbo-availability-daynumber\">1<\/span>\n\t\t\t\t\t\t<span class=\"vbo-availability-weekday\">Wed<\/span>\n\t\t\t\t\t<\/td>\n\t\t\t\t\t\t\t\t\t\t<td class=\"vbo-availability-month-day\">\n\t\t\t\t\t\t<span class=\"vbo-availability-daynumber\">2<\/span>\n\t\t\t\t\t\t<span class=\"vbo-availability-weekday\">Thu<\/span>\n\t\t\t\t\t<\/td>\n\t\t\t\t\t\t\t\t\t\t<td class=\"vbo-availability-month-day\">\n\t\t\t\t\t\t<span class=\"vbo-availability-daynumber\">3<\/span>\n\t\t\t\t\t\t<span class=\"vbo-availability-weekday\">Fri<\/span>\n\t\t\t\t\t<\/td>\n\t\t\t\t\t\t\t\t\t\t<td class=\"vbo-availability-month-day\">\n\t\t\t\t\t\t<span class=\"vbo-availability-daynumber\">4<\/span>\n\t\t\t\t\t\t<span class=\"vbo-availability-weekday\">Sat<\/span>\n\t\t\t\t\t<\/td>\n\t\t\t\t\t\t\t\t\t\t<td class=\"vbo-availability-month-day\">\n\t\t\t\t\t\t<span class=\"vbo-availability-daynumber\">5<\/span>\n\t\t\t\t\t\t<span class=\"vbo-availability-weekday\">Sun<\/span>\n\t\t\t\t\t<\/td>\n\t\t\t\t\t\t\t\t\t\t<td class=\"vbo-availability-month-day\">\n\t\t\t\t\t\t<span class=\"vbo-availability-daynumber\">6<\/span>\n\t\t\t\t\t\t<span class=\"vbo-availability-weekday\">Mon<\/span>\n\t\t\t\t\t<\/td>\n\t\t\t\t\t\t\t\t\t\t<td class=\"vbo-availability-month-day\">\n\t\t\t\t\t\t<span class=\"vbo-availability-daynumber\">7<\/span>\n\t\t\t\t\t\t<span class=\"vbo-availability-weekday\">Tue<\/span>\n\t\t\t\t\t<\/td>\n\t\t\t\t\t\t\t\t\t\t<td class=\"vbo-availability-month-day\">\n\t\t\t\t\t\t<span class=\"vbo-availability-daynumber\">8<\/span>\n\t\t\t\t\t\t<span class=\"vbo-availability-weekday\">Wed<\/span>\n\t\t\t\t\t<\/td>\n\t\t\t\t\t\t\t\t\t\t<td class=\"vbo-availability-month-day\">\n\t\t\t\t\t\t<span class=\"vbo-availability-daynumber\">9<\/span>\n\t\t\t\t\t\t<span class=\"vbo-availability-weekday\">Thu<\/span>\n\t\t\t\t\t<\/td>\n\t\t\t\t\t\t\t\t\t\t<td class=\"vbo-availability-month-day\">\n\t\t\t\t\t\t<span class=\"vbo-availability-daynumber\">10<\/span>\n\t\t\t\t\t\t<span class=\"vbo-availability-weekday\">Fri<\/span>\n\t\t\t\t\t<\/td>\n\t\t\t\t\t\t\t\t\t\t<td class=\"vbo-availability-month-day\">\n\t\t\t\t\t\t<span class=\"vbo-availability-daynumber\">11<\/span>\n\t\t\t\t\t\t<span class=\"vbo-availability-weekday\">Sat<\/span>\n\t\t\t\t\t<\/td>\n\t\t\t\t\t\t\t\t\t\t<td class=\"vbo-availability-month-day\">\n\t\t\t\t\t\t<span class=\"vbo-availability-daynumber\">12<\/span>\n\t\t\t\t\t\t<span class=\"vbo-availability-weekday\">Sun<\/span>\n\t\t\t\t\t<\/td>\n\t\t\t\t\t\t\t\t\t\t<td class=\"vbo-availability-month-day\">\n\t\t\t\t\t\t<span class=\"vbo-availability-daynumber\">13<\/span>\n\t\t\t\t\t\t<span class=\"vbo-availability-weekday\">Mon<\/span>\n\t\t\t\t\t<\/td>\n\t\t\t\t\t\t\t\t\t\t<td class=\"vbo-availability-month-day\">\n\t\t\t\t\t\t<span class=\"vbo-availability-daynumber\">14<\/span>\n\t\t\t\t\t\t<span class=\"vbo-availability-weekday\">Tue<\/span>\n\t\t\t\t\t<\/td>\n\t\t\t\t\t\t\t\t\t\t<td class=\"vbo-availability-month-day\">\n\t\t\t\t\t\t<span class=\"vbo-availability-daynumber\">15<\/span>\n\t\t\t\t\t\t<span class=\"vbo-availability-weekday\">Wed<\/span>\n\t\t\t\t\t<\/td>\n\t\t\t\t\t\t\t\t\t\t<td class=\"vbo-availability-month-day\">\n\t\t\t\t\t\t<span class=\"vbo-availability-daynumber\">16<\/span>\n\t\t\t\t\t\t<span class=\"vbo-availability-weekday\">Thu<\/span>\n\t\t\t\t\t<\/td>\n\t\t\t\t\t\t\t\t\t\t<td class=\"vbo-availability-month-day\">\n\t\t\t\t\t\t<span class=\"vbo-availability-daynumber\">17<\/span>\n\t\t\t\t\t\t<span class=\"vbo-availability-weekday\">Fri<\/span>\n\t\t\t\t\t<\/td>\n\t\t\t\t\t\t\t\t\t\t<td class=\"vbo-availability-month-day\">\n\t\t\t\t\t\t<span class=\"vbo-availability-daynumber\">18<\/span>\n\t\t\t\t\t\t<span class=\"vbo-availability-weekday\">Sat<\/span>\n\t\t\t\t\t<\/td>\n\t\t\t\t\t\t\t\t\t\t<td class=\"vbo-availability-month-day\">\n\t\t\t\t\t\t<span class=\"vbo-availability-daynumber\">19<\/span>\n\t\t\t\t\t\t<span class=\"vbo-availability-weekday\">Sun<\/span>\n\t\t\t\t\t<\/td>\n\t\t\t\t\t\t\t\t\t\t<td class=\"vbo-availability-month-day\">\n\t\t\t\t\t\t<span class=\"vbo-availability-daynumber\">20<\/span>\n\t\t\t\t\t\t<span class=\"vbo-availability-weekday\">Mon<\/span>\n\t\t\t\t\t<\/td>\n\t\t\t\t\t\t\t\t\t\t<td class=\"vbo-availability-month-day\">\n\t\t\t\t\t\t<span class=\"vbo-availability-daynumber\">21<\/span>\n\t\t\t\t\t\t<span class=\"vbo-availability-weekday\">Tue<\/span>\n\t\t\t\t\t<\/td>\n\t\t\t\t\t\t\t\t\t\t<td class=\"vbo-availability-month-day\">\n\t\t\t\t\t\t<span class=\"vbo-availability-daynumber\">22<\/span>\n\t\t\t\t\t\t<span class=\"vbo-availability-weekday\">Wed<\/span>\n\t\t\t\t\t<\/td>\n\t\t\t\t\t\t\t\t\t\t<td class=\"vbo-availability-month-day\">\n\t\t\t\t\t\t<span class=\"vbo-availability-daynumber\">23<\/span>\n\t\t\t\t\t\t<span class=\"vbo-availability-weekday\">Thu<\/span>\n\t\t\t\t\t<\/td>\n\t\t\t\t\t\t\t\t\t\t<td class=\"vbo-availability-month-day\">\n\t\t\t\t\t\t<span class=\"vbo-availability-daynumber\">24<\/span>\n\t\t\t\t\t\t<span class=\"vbo-availability-weekday\">Fri<\/span>\n\t\t\t\t\t<\/td>\n\t\t\t\t\t\t\t\t\t\t<td class=\"vbo-availability-month-day\">\n\t\t\t\t\t\t<span class=\"vbo-availability-daynumber\">25<\/span>\n\t\t\t\t\t\t<span class=\"vbo-availability-weekday\">Sat<\/span>\n\t\t\t\t\t<\/td>\n\t\t\t\t\t\t\t\t\t\t<td class=\"vbo-availability-month-day\">\n\t\t\t\t\t\t<span class=\"vbo-availability-daynumber\">26<\/span>\n\t\t\t\t\t\t<span class=\"vbo-availability-weekday\">Sun<\/span>\n\t\t\t\t\t<\/td>\n\t\t\t\t\t\t\t\t\t\t<td class=\"vbo-availability-month-day\">\n\t\t\t\t\t\t<span class=\"vbo-availability-daynumber\">27<\/span>\n\t\t\t\t\t\t<span class=\"vbo-availability-weekday\">Mon<\/span>\n\t\t\t\t\t<\/td>\n\t\t\t\t\t\t\t\t\t\t<td class=\"vbo-availability-month-day\">\n\t\t\t\t\t\t<span class=\"vbo-availability-daynumber\">28<\/span>\n\t\t\t\t\t\t<span class=\"vbo-availability-weekday\">Tue<\/span>\n\t\t\t\t\t<\/td>\n\t\t\t\t\t\t\t\t\t\t<td class=\"vbo-availability-month-day\">\n\t\t\t\t\t\t<span class=\"vbo-availability-daynumber\">29<\/span>\n\t\t\t\t\t\t<span class=\"vbo-availability-weekday\">Wed<\/span>\n\t\t\t\t\t<\/td>\n\t\t\t\t\t\t\t\t\t\t<td class=\"vbo-availability-month-day\">\n\t\t\t\t\t\t<span class=\"vbo-availability-daynumber\">30<\/span>\n\t\t\t\t\t\t<span class=\"vbo-availability-weekday\">Thu<\/span>\n\t\t\t\t\t<\/td>\n\t\t\t\t\t\t\t\t\t<\/tr>\n\t\t\t\t<tr class=\"vbo-availability-room-avdays\">\n\t\t\t\t\t\t\t\t\t<td class=\"vbo-free-cell\" data-cell-date=\"01\/04\/2026\" data-cell-ts=\"1775001600\"><\/td>\n\t\t\t\t\t\t\t\t\t\t<td class=\"vbo-free-cell\" data-cell-date=\"02\/04\/2026\" data-cell-ts=\"1775088000\"><\/td>\n\t\t\t\t\t\t\t\t\t\t<td class=\"vbo-free-cell\" data-cell-date=\"03\/04\/2026\" data-cell-ts=\"1775174400\"><\/td>\n\t\t\t\t\t\t\t\t\t\t<td class=\"vbo-free-cell\" data-cell-date=\"04\/04\/2026\" data-cell-ts=\"1775260800\"><\/td>\n\t\t\t\t\t\t\t\t\t\t<td class=\"vbo-free-cell\" data-cell-date=\"05\/04\/2026\" data-cell-ts=\"1775347200\"><\/td>\n\t\t\t\t\t\t\t\t\t\t<td class=\"vbo-free-cell\" data-cell-date=\"06\/04\/2026\" data-cell-ts=\"1775433600\"><\/td>\n\t\t\t\t\t\t\t\t\t\t<td class=\"vbo-free-cell\" data-cell-date=\"07\/04\/2026\" data-cell-ts=\"1775520000\"><\/td>\n\t\t\t\t\t\t\t\t\t\t<td class=\"vbo-free-cell\" data-cell-date=\"08\/04\/2026\" data-cell-ts=\"1775606400\"><\/td>\n\t\t\t\t\t\t\t\t\t\t<td class=\"vbo-free-cell\" data-cell-date=\"09\/04\/2026\" data-cell-ts=\"1775692800\"><\/td>\n\t\t\t\t\t\t\t\t\t\t<td class=\"vbo-free-cell\" data-cell-date=\"10\/04\/2026\" data-cell-ts=\"1775779200\"><\/td>\n\t\t\t\t\t\t\t\t\t\t<td class=\"vbo-free-cell\" data-cell-date=\"11\/04\/2026\" data-cell-ts=\"1775865600\"><\/td>\n\t\t\t\t\t\t\t\t\t\t<td class=\"vbo-free-cell\" data-cell-date=\"12\/04\/2026\" data-cell-ts=\"1775952000\"><\/td>\n\t\t\t\t\t\t\t\t\t\t<td class=\"vbo-free-cell\" data-cell-date=\"13\/04\/2026\" data-cell-ts=\"1776038400\"><\/td>\n\t\t\t\t\t\t\t\t\t\t<td class=\"vbo-free-cell\" data-cell-date=\"14\/04\/2026\" data-cell-ts=\"1776124800\"><\/td>\n\t\t\t\t\t\t\t\t\t\t<td class=\"vbo-free-cell\" data-cell-date=\"15\/04\/2026\" data-cell-ts=\"1776211200\"><\/td>\n\t\t\t\t\t\t\t\t\t\t<td class=\"vbo-free-cell\" data-cell-date=\"16\/04\/2026\" data-cell-ts=\"1776297600\"><\/td>\n\t\t\t\t\t\t\t\t\t\t<td class=\"vbo-free-cell\" data-cell-date=\"17\/04\/2026\" data-cell-ts=\"1776384000\"><\/td>\n\t\t\t\t\t\t\t\t\t\t<td class=\"vbo-free-cell\" data-cell-date=\"18\/04\/2026\" data-cell-ts=\"1776470400\"><\/td>\n\t\t\t\t\t\t\t\t\t\t<td class=\"vbo-free-cell\" data-cell-date=\"19\/04\/2026\" data-cell-ts=\"1776556800\"><\/td>\n\t\t\t\t\t\t\t\t\t\t<td class=\"vbo-free-cell\" data-cell-date=\"20\/04\/2026\" data-cell-ts=\"1776643200\"><\/td>\n\t\t\t\t\t\t\t\t\t\t<td class=\"vbo-free-cell\" data-cell-date=\"21\/04\/2026\" data-cell-ts=\"1776729600\"><\/td>\n\t\t\t\t\t\t\t\t\t\t<td class=\"vbo-free-cell\" data-cell-date=\"22\/04\/2026\" data-cell-ts=\"1776816000\"><\/td>\n\t\t\t\t\t\t\t\t\t\t<td class=\"vbo-free-cell\" data-cell-date=\"23\/04\/2026\" data-cell-ts=\"1776902400\"><\/td>\n\t\t\t\t\t\t\t\t\t\t<td class=\"vbo-free-cell\" data-cell-date=\"24\/04\/2026\" data-cell-ts=\"1776988800\"><\/td>\n\t\t\t\t\t\t\t\t\t\t<td class=\"vbo-free-cell\" data-cell-date=\"25\/04\/2026\" data-cell-ts=\"1777075200\"><\/td>\n\t\t\t\t\t\t\t\t\t\t<td class=\"vbo-free-cell\" data-cell-date=\"26\/04\/2026\" data-cell-ts=\"1777161600\"><\/td>\n\t\t\t\t\t\t\t\t\t\t<td class=\"vbo-free-cell\" data-cell-date=\"27\/04\/2026\" data-cell-ts=\"1777248000\"><\/td>\n\t\t\t\t\t\t\t\t\t\t<td class=\"vbo-free-cell\" data-cell-date=\"28\/04\/2026\" data-cell-ts=\"1777334400\"><\/td>\n\t\t\t\t\t\t\t\t\t\t<td class=\"vbo-free-cell\" data-cell-date=\"29\/04\/2026\" data-cell-ts=\"1777420800\"><\/td>\n\t\t\t\t\t\t\t\t\t\t<td class=\"vbo-free-cell\" data-cell-date=\"30\/04\/2026\" data-cell-ts=\"1777507200\"><\/td>\n\t\t\t\t\t\t\t\t\t<\/tr>\n\t\t\t<\/table>\n\t\t<\/div>\n\t<\/div>\n\t<\/div>\n\n<script type=\"text\/javascript\">\njQuery(function() {\n\tjQuery(\".vbo-free-cell, .vbo-partially-cell\").click(function() {\n\t\tvar idroom = jQuery(this).closest(\"table\").attr(\"data-room-table\");\n\t\tvar celldate = jQuery(this).attr(\"data-cell-date\");\n\t\tvar cellts = jQuery(this).attr(\"data-cell-ts\");\n\t\tif (idroom.length && celldate.length && cellts.length) {\n\t\t\tjQuery(\"#vbo-av-checkin-\"+idroom).hide().find(\"span\").text(\"\");\n\t\t\tif (jQuery(\"#vbo-av-btn-\"+idroom).length) {\n\t\t\t\tvar btnlink = jQuery(\"#vbo-av-btn-\"+idroom).attr(\"href\");\n\t\t\t\tif (jQuery(this).hasClass(\"vbo-cell-selected-arrival\")) {\n\t\t\t\t\tjQuery(\"#vbo-av-table-\"+idroom).find(\"tr\").find(\"td\").removeClass(\"vbo-cell-selected-arrival\");\n\t\t\t\t\tjQuery(\"#vbo-av-checkin-\"+idroom).fadeOut().find(\"span\").text(celldate);\n\t\t\t\t\tbtnlink = btnlink.replace(\/(checkin=)[^\\&]+\/, '$1' + \"-1\");\n\t\t\t\t} else {\n\t\t\t\t\tjQuery(\"#vbo-av-table-\"+idroom).find(\"tr\").find(\"td\").removeClass(\"vbo-cell-selected-arrival\");\n\t\t\t\t\tjQuery(this).addClass(\"vbo-cell-selected-arrival\");\n\t\t\t\t\tjQuery(\"#vbo-av-checkin-\"+idroom).fadeIn().find(\"span\").text(celldate);\n\t\t\t\t\tbtnlink = btnlink.replace(\/(checkin=)[^\\&]+\/, '$1' + cellts);\n\t\t\t\t}\n\t\t\t\tjQuery(\"#vbo-av-btn-\"+idroom).attr(\"href\", btnlink);\n\t\t\t}\n\t\t}\n\t});\n});\n<\/script>\n\n<\/div>\n\n<\/div><\/div>\n<\/div><\/div><\/div>\n","protected":false},"excerpt":{"rendered":"","protected":false},"author":1,"featured_media":0,"parent":0,"menu_order":0,"comment_status":"closed","ping_status":"closed","template":"","meta":{"_acf_changed":false,"_kad_blocks_custom_css":"","_kad_blocks_head_custom_js":"","_kad_blocks_body_custom_js":"","_kad_blocks_footer_custom_js":"","_kadence_starter_templates_imported_post":false,"_kad_post_transparent":"","_kad_post_title":"","_kad_post_layout":"","_kad_post_sidebar_id":"","_kad_post_content_style":"","_kad_post_vertical_padding":"","_kad_post_feature":"","_kad_post_feature_position":"","_kad_post_header":false,"_kad_post_footer":false,"_kad_post_classname":"","footnotes":""},"class_list":["post-6130","page","type-page","status-publish","hentry"],"acf":[],"taxonomy_info":[],"featured_image_src_large":false,"author_info":{"display_name":"HQrbGuVhHurb","author_link":"https:\/\/masparenthese.fr\/en\/author\/hqrbguvhhurb\/"},"comment_info":0,"_links":{"self":[{"href":"https:\/\/masparenthese.fr\/en\/wp-json\/wp\/v2\/pages\/6130","targetHints":{"allow":["GET"]}}],"collection":[{"href":"https:\/\/masparenthese.fr\/en\/wp-json\/wp\/v2\/pages"}],"about":[{"href":"https:\/\/masparenthese.fr\/en\/wp-json\/wp\/v2\/types\/page"}],"author":[{"embeddable":true,"href":"https:\/\/masparenthese.fr\/en\/wp-json\/wp\/v2\/users\/1"}],"replies":[{"embeddable":true,"href":"https:\/\/masparenthese.fr\/en\/wp-json\/wp\/v2\/comments?post=6130"}],"version-history":[{"count":1,"href":"https:\/\/masparenthese.fr\/en\/wp-json\/wp\/v2\/pages\/6130\/revisions"}],"predecessor-version":[{"id":6131,"href":"https:\/\/masparenthese.fr\/en\/wp-json\/wp\/v2\/pages\/6130\/revisions\/6131"}],"wp:attachment":[{"href":"https:\/\/masparenthese.fr\/en\/wp-json\/wp\/v2\/media?parent=6130"}],"curies":[{"name":"wp","href":"https:\/\/api.w.org\/{rel}","templated":true}]}}